{"id":12,"date":"2025-04-19T13:33:52","date_gmt":"2025-04-19T13:33:52","guid":{"rendered":"https:\/\/coverbond.firstborn.pt\/?page_id=12"},"modified":"2025-09-10T10:17:27","modified_gmt":"2025-09-10T10:17:27","slug":"servicios","status":"publish","type":"page","link":"https:\/\/coverbond.pt\/es\/servicios\/","title":{"rendered":"Servicios"},"content":{"rendered":"<div data-elementor-type=\"wp-page\" data-elementor-id=\"12\" class=\"elementor elementor-12\" data-elementor-post-type=\"page\">\n\t\t\t\t<div class=\"elementor-element elementor-element-0362e69 e-con-full e-flex e-con e-parent\" data-id=\"0362e69\" data-element_type=\"container\" data-settings=\"{&quot;background_background&quot;:&quot;classic&quot;}\">\n\t\t\t\t<\/div>\n\t\t<div class=\"elementor-element elementor-element-ad79a3d e-flex e-con-boxed e-con e-parent\" data-id=\"ad79a3d\" data-element_type=\"container\">\n\t\t\t\t\t<div class=\"e-con-inner\">\n\t\t\t\t<div class=\"elementor-element elementor-element-ec1361e elementor-widget elementor-widget-heading\" data-id=\"ec1361e\" data-element_type=\"widget\" data-widget_type=\"heading.default\">\n\t\t\t\t<div class=\"elementor-widget-container\">\n\t\t\t\t\t<h1 class=\"elementor-heading-title elementor-size-default\">Servicios <span class=\"color-yellow\">COVERBOND<\/span><\/h1>\t\t\t\t<\/div>\n\t\t\t\t<\/div>\n\t\t\t\t<div class=\"elementor-element elementor-element-2ed6ef3 elementor-widget__width-initial elementor-widget elementor-widget-text-editor\" data-id=\"2ed6ef3\" data-element_type=\"widget\" data-widget_type=\"text-editor.default\">\n\t\t\t\t<div class=\"elementor-widget-container\">\n\t\t\t\t\t\t\t\t\t<p><b>Procesos que definen nuestros proyectos: ingenier\u00eda, mecanizaci\u00f3n, transformaci\u00f3n y colocaci\u00f3n<\/b><\/p><p>En Coverbond, desarrollamos soluciones integradas que combinan ingenier\u00eda, procesos avanzados de transformaci\u00f3n y colocaci\u00f3n.<\/p><p>Cada proyecto se lleva a cabo con rigor t\u00e9cnico y un compromiso inquebrantable con la calidad, asegurando resultados que reflejan los m\u00e1s altos est\u00e1ndares de excelencia.<\/p>\t\t\t\t\t\t\t\t<\/div>\n\t\t\t\t<\/div>\n\t\t\t\t\t<\/div>\n\t\t\t\t<\/div>\n\t\t<div class=\"elementor-element elementor-element-50e616e e-flex e-con-boxed e-con e-parent\" data-id=\"50e616e\" data-element_type=\"container\">\n\t\t\t\t\t<div class=\"e-con-inner\">\n\t\t<div class=\"elementor-element elementor-element-26d8cf7 e-con-full e-flex e-con e-child\" data-id=\"26d8cf7\" data-element_type=\"container\">\n\t\t\t\t<div class=\"elementor-element elementor-element-43045e7 elementor-widget elementor-widget-larson-heading\" data-id=\"43045e7\" data-element_type=\"widget\" data-widget_type=\"larson-heading.default\">\n\t\t\t\t<div class=\"elementor-widget-container\">\n\t\t\t\t\t\n\t\t<section class=\"webpage__about-heading about-block\">\n          <div class=\"about-block__inner container\">\n                      <\/div>\n        <\/section>\n\n\t\t\t\t\t\t<\/div>\n\t\t\t\t<\/div>\n\t\t\t\t<\/div>\n\t\t<div class=\"elementor-element elementor-element-d6de085 e-con-full e-flex e-con e-child\" data-id=\"d6de085\" data-element_type=\"container\">\n\t\t\t\t<div class=\"elementor-element elementor-element-d2f6e9e elementor-widget elementor-widget-image\" data-id=\"d2f6e9e\" data-element_type=\"widget\" data-widget_type=\"image.default\">\n\t\t\t\t<div class=\"elementor-widget-container\">\n\t\t\t\t\t\t\t\t\t\t\t\t\t\t\t<img decoding=\"async\" src=\"https:\/\/coverbond.pt\/wp-content\/uploads\/elementor\/thumbs\/corte-rakuchjhu6xnmoml52n4275r7l2cifm1jaa9fhnda8.webp\" title=\"corte\" alt=\"corte\" loading=\"lazy\" \/>\t\t\t\t\t\t\t\t\t\t\t\t\t\t\t<\/div>\n\t\t\t\t<\/div>\n\t\t\t\t<div class=\"elementor-element elementor-element-146faec elementor-widget elementor-widget-heading\" data-id=\"146faec\" data-element_type=\"widget\" data-widget_type=\"heading.default\">\n\t\t\t\t<div class=\"elementor-widget-container\">\n\t\t\t\t\t<h3 class=\"elementor-heading-title elementor-size-default\">Corte<\/h3>\t\t\t\t<\/div>\n\t\t\t\t<\/div>\n\t\t\t\t<div class=\"elementor-element elementor-element-9edc13d elementor-widget elementor-widget-text-editor\" data-id=\"9edc13d\" data-element_type=\"widget\" data-widget_type=\"text-editor.default\">\n\t\t\t\t<div class=\"elementor-widget-container\">\n\t\t\t\t\t\t\t\t\tProceso preciso para obtener piezas con dimensiones exactas, adaptadas a las necesidades del proyecto.\t\t\t\t\t\t\t\t<\/div>\n\t\t\t\t<\/div>\n\t\t\t\t<\/div>\n\t\t<div class=\"elementor-element elementor-element-3960e48 e-con-full e-flex e-con e-child\" data-id=\"3960e48\" data-element_type=\"container\">\n\t\t\t\t<div class=\"elementor-element elementor-element-01ea34e elementor-widget elementor-widget-image\" data-id=\"01ea34e\" data-element_type=\"widget\" data-widget_type=\"image.default\">\n\t\t\t\t<div class=\"elementor-widget-container\">\n\t\t\t\t\t\t\t\t\t\t\t\t\t\t\t<img decoding=\"async\" src=\"https:\/\/coverbond.pt\/wp-content\/uploads\/elementor\/thumbs\/Frame-2-rakuchjhu6xnmoml52n4275r7l2cifm1jaa9fhnda8.png\" title=\"Frame (2)\" alt=\"Frame (2)\" loading=\"lazy\" \/>\t\t\t\t\t\t\t\t\t\t\t\t\t\t\t<\/div>\n\t\t\t\t<\/div>\n\t\t\t\t<div class=\"elementor-element elementor-element-f3a8064 elementor-widget elementor-widget-heading\" data-id=\"f3a8064\" data-element_type=\"widget\" data-widget_type=\"heading.default\">\n\t\t\t\t<div class=\"elementor-widget-container\">\n\t\t\t\t\t<h3 class=\"elementor-heading-title elementor-size-default\">Fresa<\/h3>\t\t\t\t<\/div>\n\t\t\t\t<\/div>\n\t\t\t\t<div class=\"elementor-element elementor-element-91ba46b elementor-widget elementor-widget-text-editor\" data-id=\"91ba46b\" data-element_type=\"widget\" data-widget_type=\"text-editor.default\">\n\t\t\t\t<div class=\"elementor-widget-container\">\n\t\t\t\t\t\t\t\t\tIdeal para crear ranuras y geometr\u00edas complejas, permitiendo pliegues y acabados personalizados.\t\t\t\t\t\t\t\t<\/div>\n\t\t\t\t<\/div>\n\t\t\t\t<\/div>\n\t\t<div class=\"elementor-element elementor-element-e4a3d64 e-con-full e-flex e-con e-child\" data-id=\"e4a3d64\" data-element_type=\"container\">\n\t\t\t\t<div class=\"elementor-element elementor-element-11f42df elementor-widget elementor-widget-image\" data-id=\"11f42df\" data-element_type=\"widget\" data-widget_type=\"image.default\">\n\t\t\t\t<div class=\"elementor-widget-container\">\n\t\t\t\t\t\t\t\t\t\t\t\t\t\t\t<img decoding=\"async\" src=\"https:\/\/coverbond.pt\/wp-content\/uploads\/elementor\/thumbs\/Frame-3-rakuchjhu6xnmoml52n4275r7l2cifm1jaa9fhnda8.png\" title=\"Frame (3)\" alt=\"Frame (3)\" loading=\"lazy\" \/>\t\t\t\t\t\t\t\t\t\t\t\t\t\t\t<\/div>\n\t\t\t\t<\/div>\n\t\t\t\t<div class=\"elementor-element elementor-element-77043ce elementor-widget elementor-widget-heading\" data-id=\"77043ce\" data-element_type=\"widget\" data-widget_type=\"heading.default\">\n\t\t\t\t<div class=\"elementor-widget-container\">\n\t\t\t\t\t<h3 class=\"elementor-heading-title elementor-size-default\">Calandraje<\/h3>\t\t\t\t<\/div>\n\t\t\t\t<\/div>\n\t\t\t\t<div class=\"elementor-element elementor-element-c47337d elementor-widget elementor-widget-text-editor\" data-id=\"c47337d\" data-element_type=\"widget\" data-widget_type=\"text-editor.default\">\n\t\t\t\t<div class=\"elementor-widget-container\">\n\t\t\t\t\t\t\t\t\tMoldeado de paneles en curvas suaves, manteniendo la integridad del material.\t\t\t\t\t\t\t\t<\/div>\n\t\t\t\t<\/div>\n\t\t\t\t<\/div>\n\t\t<div class=\"elementor-element elementor-element-60c6a40 e-con-full e-flex e-con e-child\" data-id=\"60c6a40\" data-element_type=\"container\">\n\t\t\t\t<div class=\"elementor-element elementor-element-61155de elementor-widget elementor-widget-image\" data-id=\"61155de\" data-element_type=\"widget\" data-widget_type=\"image.default\">\n\t\t\t\t<div class=\"elementor-widget-container\">\n\t\t\t\t\t\t\t\t\t\t\t\t\t\t\t<img decoding=\"async\" src=\"https:\/\/coverbond.pt\/wp-content\/uploads\/elementor\/thumbs\/Group-3-rakuchjhu6xnmoml52n4275r7l2cifm1jaa9fhnda8.png\" title=\"Group (3)\" alt=\"Group (3)\" loading=\"lazy\" \/>\t\t\t\t\t\t\t\t\t\t\t\t\t\t\t<\/div>\n\t\t\t\t<\/div>\n\t\t\t\t<div class=\"elementor-element elementor-element-043dbf4 elementor-widget elementor-widget-heading\" data-id=\"043dbf4\" data-element_type=\"widget\" data-widget_type=\"heading.default\">\n\t\t\t\t<div class=\"elementor-widget-container\">\n\t\t\t\t\t<h3 class=\"elementor-heading-title elementor-size-default\">Enreje<\/h3>\t\t\t\t<\/div>\n\t\t\t\t<\/div>\n\t\t\t\t<div class=\"elementor-element elementor-element-7c922d2 elementor-widget elementor-widget-text-editor\" data-id=\"7c922d2\" data-element_type=\"widget\" data-widget_type=\"text-editor.default\">\n\t\t\t\t<div class=\"elementor-widget-container\">\n\t\t\t\t\t\t\t\t\tPlegado controlado para formas angulares y ajustes perfectos en sistemas de fachada.\t\t\t\t\t\t\t\t<\/div>\n\t\t\t\t<\/div>\n\t\t\t\t<\/div>\n\t\t<div class=\"elementor-element elementor-element-92b3efb e-con-full e-flex e-con e-child\" data-id=\"92b3efb\" data-element_type=\"container\">\n\t\t\t\t<div class=\"elementor-element elementor-element-efdbf75 elementor-widget elementor-widget-image\" data-id=\"efdbf75\" data-element_type=\"widget\" data-widget_type=\"image.default\">\n\t\t\t\t<div class=\"elementor-widget-container\">\n\t\t\t\t\t\t\t\t\t\t\t\t\t\t\t<img decoding=\"async\" src=\"https:\/\/coverbond.pt\/wp-content\/uploads\/elementor\/thumbs\/Frame-4-rakuchjhu6xnmoml52n4275r7l2cifm1jaa9fhnda8.png\" title=\"Frame (4)\" alt=\"Frame (4)\" loading=\"lazy\" \/>\t\t\t\t\t\t\t\t\t\t\t\t\t\t\t<\/div>\n\t\t\t\t<\/div>\n\t\t\t\t<div class=\"elementor-element elementor-element-7f0954a elementor-widget elementor-widget-heading\" data-id=\"7f0954a\" data-element_type=\"widget\" data-widget_type=\"heading.default\">\n\t\t\t\t<div class=\"elementor-widget-container\">\n\t\t\t\t\t<h3 class=\"elementor-heading-title elementor-size-default\">Perforaci\u00f3n<\/h3>\t\t\t\t<\/div>\n\t\t\t\t<\/div>\n\t\t\t\t<div class=\"elementor-element elementor-element-039d7ed elementor-widget elementor-widget-text-editor\" data-id=\"039d7ed\" data-element_type=\"widget\" data-widget_type=\"text-editor.default\">\n\t\t\t\t<div class=\"elementor-widget-container\">\n\t\t\t\t\t\t\t\t\tApertura de orificios con diferentes di\u00e1metros y patrones, listos para fijaciones y ventilaci\u00f3n.\t\t\t\t\t\t\t\t<\/div>\n\t\t\t\t<\/div>\n\t\t\t\t<\/div>\n\t\t<div class=\"elementor-element elementor-element-8990a58 e-con-full e-flex e-con e-child\" data-id=\"8990a58\" data-element_type=\"container\">\n\t\t\t\t<div class=\"elementor-element elementor-element-75066da elementor-widget elementor-widget-image\" data-id=\"75066da\" data-element_type=\"widget\" data-widget_type=\"image.default\">\n\t\t\t\t<div class=\"elementor-widget-container\">\n\t\t\t\t\t\t\t\t\t\t\t\t\t\t\t<img decoding=\"async\" src=\"https:\/\/coverbond.pt\/wp-content\/uploads\/elementor\/thumbs\/Group-2-rakuchjhu6xnmoml52n4275r7l2cifm1jaa9fhnda8.png\" title=\"Group (2)\" alt=\"Group (2)\" loading=\"lazy\" \/>\t\t\t\t\t\t\t\t\t\t\t\t\t\t\t<\/div>\n\t\t\t\t<\/div>\n\t\t\t\t<div class=\"elementor-element elementor-element-28a96f7 elementor-widget elementor-widget-heading\" data-id=\"28a96f7\" data-element_type=\"widget\" data-widget_type=\"heading.default\">\n\t\t\t\t<div class=\"elementor-widget-container\">\n\t\t\t\t\t<h3 class=\"elementor-heading-title elementor-size-default\">Soldadura L\u00e1ser<\/h3>\t\t\t\t<\/div>\n\t\t\t\t<\/div>\n\t\t\t\t<div class=\"elementor-element elementor-element-870cede elementor-widget elementor-widget-text-editor\" data-id=\"870cede\" data-element_type=\"widget\" data-widget_type=\"text-editor.default\">\n\t\t\t\t<div class=\"elementor-widget-container\">\n\t\t\t\t\t\t\t\t\tUni\u00f3n resistente de elementos met\u00e1licos, garantizando solidez y durabilidad a la estructura.\t\t\t\t\t\t\t\t<\/div>\n\t\t\t\t<\/div>\n\t\t\t\t<\/div>\n\t\t\t\t\t<\/div>\n\t\t\t\t<\/div>\n\t\t<div class=\"elementor-element elementor-element-5bacc7f e-flex e-con-boxed e-con e-parent\" data-id=\"5bacc7f\" data-element_type=\"container\" data-settings=\"{&quot;background_background&quot;:&quot;classic&quot;}\">\n\t\t\t\t\t<div class=\"e-con-inner\">\n\t\t<div class=\"elementor-element elementor-element-d11bfe4 e-con-full e-flex e-con e-child\" data-id=\"d11bfe4\" data-element_type=\"container\">\n\t\t\t\t<div class=\"elementor-element elementor-element-7d6438d elementor-widget elementor-widget-text-editor\" data-id=\"7d6438d\" data-element_type=\"widget\" data-widget_type=\"text-editor.default\">\n\t\t\t\t<div class=\"elementor-widget-container\">\n\t\t\t\t\t\t\t\t\t<p>FOLLETO INSTITUCIONAL<\/p>\t\t\t\t\t\t\t\t<\/div>\n\t\t\t\t<\/div>\n\t\t\t\t<div class=\"elementor-element elementor-element-cc65402 elementor-widget elementor-widget-heading\" data-id=\"cc65402\" data-element_type=\"widget\" data-widget_type=\"heading.default\">\n\t\t\t\t<div class=\"elementor-widget-container\">\n\t\t\t\t\t<h2 class=\"elementor-heading-title elementor-size-default\">Con\u00f3zcanos mejor<\/h2>\t\t\t\t<\/div>\n\t\t\t\t<\/div>\n\t\t\t\t<div class=\"elementor-element elementor-element-b8642a6 elementor-widget elementor-widget-text-editor\" data-id=\"b8642a6\" data-element_type=\"widget\" data-widget_type=\"text-editor.default\">\n\t\t\t\t<div class=\"elementor-widget-container\">\n\t\t\t\t\t\t\t\t\t<p>Descubra todo lo que Coverbond le puede ofrecer a trav\u00e9s de nuestro folleto institucional.<br \/><br \/>Conozca m\u00e1s sobre las Soluciones Coverbond, Panel Compuesto, Panel Fen\u00f3lico, Ulma, Skala y Dekton, as\u00ed como algunos de nuestros socios.<\/p>\t\t\t\t\t\t\t\t<\/div>\n\t\t\t\t<\/div>\n\t\t\t\t<\/div>\n\t\t<div class=\"elementor-element elementor-element-898e846 e-con-full e-flex e-con e-child\" data-id=\"898e846\" data-element_type=\"container\">\n\t\t\t\t<div class=\"elementor-element elementor-element-d6e4b2b elementor-button-align-stretch elementor-widget elementor-widget-form\" data-id=\"d6e4b2b\" data-element_type=\"widget\" data-settings=\"{&quot;step_next_label&quot;:&quot;Next&quot;,&quot;step_previous_label&quot;:&quot;Previous&quot;,&quot;button_width&quot;:&quot;50&quot;,&quot;step_type&quot;:&quot;number_text&quot;,&quot;step_icon_shape&quot;:&quot;circle&quot;}\" data-widget_type=\"form.default\">\n\t\t\t\t<div class=\"elementor-widget-container\">\n\t\t\t\t\t\t\t<form class=\"elementor-form\" method=\"post\" name=\"Brochura\" aria-label=\"Folleto\" action=\"\">\n\t\t\t<input type=\"hidden\" name=\"post_id\" value=\"12\"\/>\n\t\t\t<input type=\"hidden\" name=\"form_id\" value=\"d6e4b2b\"\/>\n\t\t\t<input type=\"hidden\" name=\"referer_title\" value=\"Servi\u00e7os - Coverbond | Engenharia, Mecaniza\u00e7\u00e3o, Montagem\" \/>\n\n\t\t\t\t\t\t\t<input type=\"hidden\" name=\"queried_id\" value=\"12\"\/>\n\t\t\t\n\t\t\t<div class=\"elementor-form-fields-wrapper elementor-labels-above\">\n\t\t\t\t\t\t\t\t<div class=\"elementor-field-type-text elementor-field-group elementor-column elementor-field-group-name elementor-col-100\">\n\t\t\t\t\t\t\t\t\t\t\t\t\t<input size=\"1\" type=\"text\" name=\"form_fields[name]\" id=\"form-field-name\" class=\"elementor-field elementor-size-lg  elementor-field-textual\" placeholder=\"NOMBRE *\">\n\t\t\t\t\t\t\t\t\t\t\t<\/div>\n\t\t\t\t\t\t\t\t<div class=\"elementor-field-type-email elementor-field-group elementor-column elementor-field-group-email elementor-col-100 elementor-field-required\">\n\t\t\t\t\t\t\t\t\t\t\t\t\t<input size=\"1\" type=\"email\" name=\"form_fields[email]\" id=\"form-field-email\" class=\"elementor-field elementor-size-lg  elementor-field-textual\" placeholder=\"EMAIL *\" required=\"required\">\n\t\t\t\t\t\t\t\t\t\t\t<\/div>\n\t\t\t\t\t\t\t\t<div class=\"elementor-field-group elementor-column elementor-field-type-submit elementor-col-50 e-form__buttons\">\n\t\t\t\t\t<button class=\"elementor-button elementor-size-sm elementor-animation-grow\" type=\"submit\">\n\t\t\t\t\t\t<span class=\"elementor-button-content-wrapper\">\n\t\t\t\t\t\t\t\t\t\t\t\t\t\t\t\t\t\t\t\t\t\t<span class=\"elementor-button-text\">Descargar Folleto<\/span>\n\t\t\t\t\t\t\t\t\t\t\t\t\t<\/span>\n\t\t\t\t\t<\/button>\n\t\t\t\t<\/div>\n\t\t\t<\/div>\n\t\t<input type=\"hidden\" name=\"trp-form-language\" value=\"es\"\/><\/form>\n\t\t\t\t\t\t<\/div>\n\t\t\t\t<\/div>\n\t\t\t\t<\/div>\n\t\t\t\t\t<\/div>\n\t\t\t\t<\/div>\n\t\t\t\t<\/div>","protected":false},"excerpt":{"rendered":"<p>Servi\u00e7os COVERBOND Processos que definem os nossos projetos: engenharia, mecaniza\u00e7\u00e3o, transforma\u00e7\u00e3o e coloca\u00e7\u00e3o\u200b. Na Coverbond, desenvolvemos solu\u00e7\u00f5es integradas que combinam engenharia, processos avan\u00e7ados de transforma\u00e7\u00e3o e coloca\u00e7\u00e3o. Cada projeto \u00e9 conduzido com rigor t\u00e9cnico e um compromisso inabal\u00e1vel com a qualidade, assegurando resultados que refletem os mais altos padr\u00f5es de&#8230; <\/p>\n<div class=\"readmore\"><a href=\"https:\/\/coverbond.pt\/es\/servicios\/\" class=\"btn-link\">Read more<\/a><\/div>","protected":false},"author":3,"featured_media":0,"parent":0,"menu_order":0,"comment_status":"closed","ping_status":"closed","template":"elementor_header_footer","meta":{"_acf_changed":false,"footnotes":""},"class_list":["post-12","page","type-page","status-publish","hentry"],"acf":[],"_links":{"self":[{"href":"https:\/\/coverbond.pt\/es\/wp-json\/wp\/v2\/pages\/12","targetHints":{"allow":["GET"]}}],"collection":[{"href":"https:\/\/coverbond.pt\/es\/wp-json\/wp\/v2\/pages"}],"about":[{"href":"https:\/\/coverbond.pt\/es\/wp-json\/wp\/v2\/types\/page"}],"author":[{"embeddable":true,"href":"https:\/\/coverbond.pt\/es\/wp-json\/wp\/v2\/users\/3"}],"replies":[{"embeddable":true,"href":"https:\/\/coverbond.pt\/es\/wp-json\/wp\/v2\/comments?post=12"}],"version-history":[{"count":113,"href":"https:\/\/coverbond.pt\/es\/wp-json\/wp\/v2\/pages\/12\/revisions"}],"predecessor-version":[{"id":6808,"href":"https:\/\/coverbond.pt\/es\/wp-json\/wp\/v2\/pages\/12\/revisions\/6808"}],"wp:attachment":[{"href":"https:\/\/coverbond.pt\/es\/wp-json\/wp\/v2\/media?parent=12"}],"curies":[{"name":"wp","href":"https:\/\/api.w.org\/{rel}","templated":true}]}}