{"id":1385,"date":"2025-06-19T11:49:53","date_gmt":"2025-06-19T11:49:53","guid":{"rendered":"https:\/\/coverbond.firstborn.pt\/?page_id=1385"},"modified":"2025-08-26T08:33:30","modified_gmt":"2025-08-26T08:33:30","slug":"dekton","status":"publish","type":"page","link":"https:\/\/coverbond.pt\/es\/dekton\/","title":{"rendered":"Dekton"},"content":{"rendered":"<div data-elementor-type=\"wp-page\" data-elementor-id=\"1385\" class=\"elementor elementor-1385\" data-elementor-post-type=\"page\">\n\t\t\t\t<div class=\"elementor-element elementor-element-521c733f e-con-full e-flex e-con e-child\" data-id=\"521c733f\" data-element_type=\"container\">\n\t\t\t\t<div class=\"elementor-element elementor-element-4cae180d elementor-widget elementor-widget-larson-intro\" data-id=\"4cae180d\" data-element_type=\"widget\" data-widget_type=\"larson-intro.default\">\n\t\t\t\t<div class=\"elementor-widget-container\">\n\t\t\t\t\t\n\t\t<article class=\"article\">\n\t        <header class=\"article__header\">\n\t          <div class=\"container\">\n\t            \t            <h1 class=\"article__heading heading heading--size-large\">\n\t            \t<span >\n\t\t\t\t\t\tDekton\t\t\t\t\t<\/span>\n\t            <\/h1>\n\t            \t            \t          <\/div>\n\t        <\/header>\n\t        \t    <\/article>\n\n\t\t\t\t\t\t<\/div>\n\t\t\t\t<\/div>\n\t\t\t\t<\/div>\n\t\t<div class=\"elementor-element elementor-element-2e37506a e-flex e-con-boxed e-con e-parent\" data-id=\"2e37506a\" data-element_type=\"container\" data-settings=\"{&quot;background_background&quot;:&quot;classic&quot;}\">\n\t\t\t\t\t<div class=\"e-con-inner\">\n\t\t\t\t<div class=\"elementor-element elementor-element-f91b143 elementor-nav-menu__align-center elementor-nav-menu--dropdown-none elementor-widget elementor-widget-nav-menu\" data-id=\"f91b143\" data-element_type=\"widget\" data-settings=\"{&quot;layout&quot;:&quot;horizontal&quot;,&quot;submenu_icon&quot;:{&quot;value&quot;:&quot;&lt;svg aria-hidden=\\&quot;true\\&quot; class=\\&quot;e-font-icon-svg e-fas-caret-down\\&quot; viewBox=\\&quot;0 0 320 512\\&quot; xmlns=\\&quot;http:\\\/\\\/www.w3.org\\\/2000\\\/svg\\&quot;&gt;&lt;path d=\\&quot;M31.3 192h257.3c17.8 0 26.7 21.5 14.1 34.1L174.1 354.8c-7.8 7.8-20.5 7.8-28.3 0L17.2 226.1C4.6 213.5 13.5 192 31.3 192z\\&quot;&gt;&lt;\\\/path&gt;&lt;\\\/svg&gt;&quot;,&quot;library&quot;:&quot;fa-solid&quot;}}\" data-widget_type=\"nav-menu.default\">\n\t\t\t\t<div class=\"elementor-widget-container\">\n\t\t\t\t\t\t\t\t<nav aria-label=\"Menu\" class=\"elementor-nav-menu--main elementor-nav-menu__container elementor-nav-menu--layout-horizontal e--pointer-none\">\n\t\t\t\t<ul id=\"menu-1-f91b143\" class=\"elementor-nav-menu\"><li class=\"menu-item menu-item-type-custom menu-item-object-custom menu-item-551\"><a href=\"https:\/\/coverbond.pt\/es\/panel-fenolico\/\" class=\"elementor-item\">Panel Fen\u00f3lico<\/a><\/li>\n<li class=\"menu-item menu-item-type-custom menu-item-object-custom menu-item-534\"><a href=\"https:\/\/coverbond.pt\/es\/dekton\/\" class=\"elementor-item\">Dekton<\/a><\/li>\n<li class=\"menu-item menu-item-type-custom menu-item-object-custom menu-item-538\"><a href=\"https:\/\/coverbond.pt\/es\/ulma\/\" class=\"elementor-item\">UIma<\/a><\/li>\n<li class=\"menu-item menu-item-type-custom menu-item-object-custom menu-item-1072\"><a href=\"https:\/\/coverbond.pt\/es\/chapa-perfilada\/\" class=\"elementor-item\">Chapa Perfilada<\/a><\/li>\n<li class=\"menu-item menu-item-type-custom menu-item-object-custom menu-item-1073\"><a href=\"https:\/\/coverbond.pt\/es\/panel-fachada-solar\/\" class=\"elementor-item\">Panel de Fachada Solar<\/a><\/li>\n<\/ul>\t\t\t<\/nav>\n\t\t\t\t\t\t<nav class=\"elementor-nav-menu--dropdown elementor-nav-menu__container\" aria-hidden=\"true\">\n\t\t\t\t<ul id=\"menu-2-f91b143\" class=\"elementor-nav-menu\"><li class=\"menu-item menu-item-type-custom menu-item-object-custom menu-item-551\"><a href=\"https:\/\/coverbond.pt\/es\/panel-fenolico\/\" class=\"elementor-item\" tabindex=\"-1\">Panel Fen\u00f3lico<\/a><\/li>\n<li class=\"menu-item menu-item-type-custom menu-item-object-custom menu-item-534\"><a href=\"https:\/\/coverbond.pt\/es\/dekton\/\" class=\"elementor-item\" tabindex=\"-1\">Dekton<\/a><\/li>\n<li class=\"menu-item menu-item-type-custom menu-item-object-custom menu-item-538\"><a href=\"https:\/\/coverbond.pt\/es\/ulma\/\" class=\"elementor-item\" tabindex=\"-1\">UIma<\/a><\/li>\n<li class=\"menu-item menu-item-type-custom menu-item-object-custom menu-item-1072\"><a href=\"https:\/\/coverbond.pt\/es\/chapa-perfilada\/\" class=\"elementor-item\" tabindex=\"-1\">Chapa Perfilada<\/a><\/li>\n<li class=\"menu-item menu-item-type-custom menu-item-object-custom menu-item-1073\"><a href=\"https:\/\/coverbond.pt\/es\/panel-fachada-solar\/\" class=\"elementor-item\" tabindex=\"-1\">Panel de Fachada Solar<\/a><\/li>\n<\/ul>\t\t\t<\/nav>\n\t\t\t\t\t\t<\/div>\n\t\t\t\t<\/div>\n\t\t\t\t\t<\/div>\n\t\t\t\t<\/div>\n\t\t<div class=\"elementor-element elementor-element-182b0876 e-flex e-con-boxed e-con e-parent\" data-id=\"182b0876\" data-element_type=\"container\">\n\t\t\t\t\t<div class=\"e-con-inner\">\n\t\t<div class=\"elementor-element elementor-element-26137aca e-con-full e-flex e-con e-child\" data-id=\"26137aca\" data-element_type=\"container\">\n\t\t\t\t<div class=\"elementor-element elementor-element-657ca215 elementor-widget elementor-widget-image\" data-id=\"657ca215\" data-element_type=\"widget\" data-widget_type=\"image.default\">\n\t\t\t\t<div class=\"elementor-widget-container\">\n\t\t\t\t\t\t\t\t\t\t\t\t\t\t\t<img fetchpriority=\"high\" decoding=\"async\" width=\"1000\" height=\"563\" src=\"https:\/\/coverbond.pt\/wp-content\/uploads\/2025\/08\/Dekton.webp\" class=\"attachment-full size-full wp-image-6111\" alt=\"\" srcset=\"https:\/\/coverbond.pt\/wp-content\/uploads\/2025\/08\/Dekton.webp 1000w, https:\/\/coverbond.pt\/wp-content\/uploads\/2025\/08\/Dekton-300x169.webp 300w, https:\/\/coverbond.pt\/wp-content\/uploads\/2025\/08\/Dekton-768x432.webp 768w, https:\/\/coverbond.pt\/wp-content\/uploads\/2025\/08\/Dekton-18x10.webp 18w, https:\/\/coverbond.pt\/wp-content\/uploads\/2025\/08\/Dekton-900x507.webp 900w\" sizes=\"(max-width: 1000px) 100vw, 1000px\" \/>\t\t\t\t\t\t\t\t\t\t\t\t\t\t\t<\/div>\n\t\t\t\t<\/div>\n\t\t\t\t<\/div>\n\t\t<div class=\"elementor-element elementor-element-6f96588b e-con-full e-flex e-con e-child\" data-id=\"6f96588b\" data-element_type=\"container\">\n\t\t\t\t<div class=\"elementor-element elementor-element-9c493c1 elementor-widget elementor-widget-heading\" data-id=\"9c493c1\" data-element_type=\"widget\" data-widget_type=\"heading.default\">\n\t\t\t\t<div class=\"elementor-widget-container\">\n\t\t\t\t\t<h3 class=\"elementor-heading-title elementor-size-default\">DEKTON<\/h3>\t\t\t\t<\/div>\n\t\t\t\t<\/div>\n\t\t\t\t<div class=\"elementor-element elementor-element-7f6c73ce elementor-widget elementor-widget-text-editor\" data-id=\"7f6c73ce\" data-element_type=\"widget\" data-widget_type=\"text-editor.default\">\n\t\t\t\t<div class=\"elementor-widget-container\">\n\t\t\t\t\t\t\t\t\tDekton es una superficie ultracompacta que resulta de un proceso de fabricaci\u00f3n que combina diversos minerales naturales. Este proceso somete las materias primas a altas presiones y temperaturas, creando un material de alta densidad.\t\t\t\t\t\t\t\t<\/div>\n\t\t\t\t<\/div>\n\t\t\t\t<\/div>\n\t\t\t\t\t<\/div>\n\t\t\t\t<\/div>\n\t\t<div class=\"elementor-element elementor-element-570321b9 e-flex e-con-boxed e-con e-parent\" data-id=\"570321b9\" data-element_type=\"container\">\n\t\t\t\t\t<div class=\"e-con-inner\">\n\t\t\t\t<div class=\"elementor-element elementor-element-2ca8279c elementor-widget__width-inherit elementor-widget elementor-widget-larson-about-description\" data-id=\"2ca8279c\" data-element_type=\"widget\" data-widget_type=\"larson-about-description.default\">\n\t\t\t\t<div class=\"elementor-widget-container\">\n\t\t\t\t\t\n\t\t<section class=\"webpage__about-block about-block about-block--columns\">\n          <div class=\"about-block__inner container\">\n                        <header class=\"about-block__header\" data-aos=\"fade\">\n              <h2 class=\"about-block__heading heading\">\n              \t<span >\n\t\t\t\t\tPrincipales caracter\u00edsticas de Dekton\t\t\t\t<\/span>\n              <\/h2>\n            <\/header>\n                                    <div class=\"about-block__main\">\n                            <div class=\"about-block__text\" data-aos=\"fade\">\n                <div >\n\t\t\t\t\t<ul><li>Altamente resistente a rayaduras, impactos y abrasi\u00f3n<\/li><li>Excelente resistencia a temperaturas extremas<\/li><li>Resistencia a los rayos UV<\/li><li>Facilidad de limpieza y mantenimiento<\/li><\/ul>\t\t\t\t<\/div>\n              <\/div>\n                                        <\/div>\n                      <\/div>\n        <\/section>\n\n\t\t\t\t\t\t<\/div>\n\t\t\t\t<\/div>\n\t\t\t\t\t<\/div>\n\t\t\t\t<\/div>\n\t\t<div class=\"elementor-element elementor-element-fe7e24d e-flex e-con-boxed e-con e-parent\" data-id=\"fe7e24d\" data-element_type=\"container\">\n\t\t\t\t\t<div class=\"e-con-inner\">\n\t\t<div class=\"elementor-element elementor-element-fd38995 e-con-full e-flex e-con e-child\" data-id=\"fd38995\" data-element_type=\"container\">\n\t\t\t\t<div class=\"elementor-element elementor-element-7207b2e elementor-widget elementor-widget-image\" data-id=\"7207b2e\" data-element_type=\"widget\" data-widget_type=\"image.default\">\n\t\t\t\t<div class=\"elementor-widget-container\">\n\t\t\t\t\t\t\t\t\t\t\t\t\t\t\t\t<a href=\"http:\/\/coverbond.pt\/wp-content\/uploads\/2025\/06\/erdekton.webp\" data-elementor-open-lightbox=\"yes\" data-e-action-hash=\"#elementor-action%3Aaction%3Dlightbox%26settings%3DeyJpZCI6MTQ5OCwidXJsIjoiaHR0cHM6XC9cL2NvdmVyYm9uZC5wdFwvd3AtY29udGVudFwvdXBsb2Fkc1wvMjAyNVwvMDZcL2VyZGVrdG9uLndlYnAifQ%3D%3D\">\n\t\t\t\t\t\t\t<img decoding=\"async\" width=\"1500\" height=\"1000\" src=\"https:\/\/coverbond.pt\/wp-content\/uploads\/2025\/06\/erdekton.webp\" class=\"attachment-full size-full wp-image-1498\" alt=\"\" srcset=\"https:\/\/coverbond.pt\/wp-content\/uploads\/2025\/06\/erdekton.webp 1500w, https:\/\/coverbond.pt\/wp-content\/uploads\/2025\/06\/erdekton-300x200.webp 300w, https:\/\/coverbond.pt\/wp-content\/uploads\/2025\/06\/erdekton-1024x683.webp 1024w, https:\/\/coverbond.pt\/wp-content\/uploads\/2025\/06\/erdekton-768x512.webp 768w, https:\/\/coverbond.pt\/wp-content\/uploads\/2025\/06\/erdekton-18x12.webp 18w\" sizes=\"(max-width: 1500px) 100vw, 1500px\" \/>\t\t\t\t\t\t\t\t<\/a>\n\t\t\t\t\t\t\t\t\t\t\t\t\t\t\t<\/div>\n\t\t\t\t<\/div>\n\t\t\t\t<\/div>\n\t\t<div class=\"elementor-element elementor-element-85e2dce e-con-full e-flex e-con e-child\" data-id=\"85e2dce\" data-element_type=\"container\">\n\t\t\t\t<div class=\"elementor-element elementor-element-3c7443d elementor-widget elementor-widget-image\" data-id=\"3c7443d\" data-element_type=\"widget\" data-widget_type=\"image.default\">\n\t\t\t\t<div class=\"elementor-widget-container\">\n\t\t\t\t\t\t\t\t\t\t\t\t\t\t\t\t<a href=\"http:\/\/coverbond.pt\/wp-content\/uploads\/2025\/06\/coverbond-00011.jpg\" data-elementor-open-lightbox=\"yes\" data-e-action-hash=\"#elementor-action%3Aaction%3Dlightbox%26settings%3DeyJpZCI6MTQ1NiwidXJsIjoiaHR0cHM6XC9cL2NvdmVyYm9uZC5wdFwvd3AtY29udGVudFwvdXBsb2Fkc1wvMjAyNVwvMDZcL2NvdmVyYm9uZC0wMDAxMS5qcGcifQ%3D%3D\">\n\t\t\t\t\t\t\t<img decoding=\"async\" width=\"1500\" height=\"1000\" src=\"https:\/\/coverbond.pt\/wp-content\/uploads\/2025\/06\/coverbond-00011.jpg\" class=\"attachment-full size-full wp-image-1456\" alt=\"\" srcset=\"https:\/\/coverbond.pt\/wp-content\/uploads\/2025\/06\/coverbond-00011.jpg 1500w, https:\/\/coverbond.pt\/wp-content\/uploads\/2025\/06\/coverbond-00011-300x200.jpg 300w, https:\/\/coverbond.pt\/wp-content\/uploads\/2025\/06\/coverbond-00011-1024x683.jpg 1024w, https:\/\/coverbond.pt\/wp-content\/uploads\/2025\/06\/coverbond-00011-768x512.jpg 768w, https:\/\/coverbond.pt\/wp-content\/uploads\/2025\/06\/coverbond-00011-18x12.jpg 18w\" sizes=\"(max-width: 1500px) 100vw, 1500px\" \/>\t\t\t\t\t\t\t\t<\/a>\n\t\t\t\t\t\t\t\t\t\t\t\t\t\t\t<\/div>\n\t\t\t\t<\/div>\n\t\t\t\t<\/div>\n\t\t\t\t\t<\/div>\n\t\t\t\t<\/div>\n\t\t<div class=\"elementor-element elementor-element-4c4fd81b e-flex e-con-boxed e-con e-parent\" data-id=\"4c4fd81b\" data-element_type=\"container\" data-settings=\"{&quot;background_background&quot;:&quot;classic&quot;}\">\n\t\t\t\t\t<div class=\"e-con-inner\">\n\t\t<div class=\"elementor-element elementor-element-95ff54 e-con-full e-flex e-con e-child\" data-id=\"95ff54\" data-element_type=\"container\">\n\t\t\t\t<div class=\"elementor-element elementor-element-246a2f6c elementor-widget elementor-widget-heading\" data-id=\"246a2f6c\" data-element_type=\"widget\" data-widget_type=\"heading.default\">\n\t\t\t\t<div class=\"elementor-widget-container\">\n\t\t\t\t\t<h2 class=\"elementor-heading-title elementor-size-default\">Empezamos tu proyecto? <\/h2>\t\t\t\t<\/div>\n\t\t\t\t<\/div>\n\t\t\t\t<\/div>\n\t\t<div class=\"elementor-element elementor-element-4eff1c15 e-con-full e-flex e-con e-child\" data-id=\"4eff1c15\" data-element_type=\"container\">\n\t\t\t\t<div class=\"elementor-element elementor-element-263285ad elementor-align-justify elementor-widget elementor-widget-button\" data-id=\"263285ad\" data-element_type=\"widget\" data-widget_type=\"button.default\">\n\t\t\t\t<div class=\"elementor-widget-container\">\n\t\t\t\t\t\t\t\t\t<div class=\"elementor-button-wrapper\">\n\t\t\t\t\t<a class=\"elementor-button elementor-button-link elementor-size-sm elementor-animation-grow\" href=\"https:\/\/coverbond.pt\/es\/contactos\/\">\n\t\t\t\t\t\t<span class=\"elementor-button-content-wrapper\">\n\t\t\t\t\t\t\t\t\t<span class=\"elementor-button-text\">CONT\u00c1CTENOS<\/span>\n\t\t\t\t\t<\/span>\n\t\t\t\t\t<\/a>\n\t\t\t\t<\/div>\n\t\t\t\t\t\t\t\t<\/div>\n\t\t\t\t<\/div>\n\t\t\t\t<\/div>\n\t\t\t\t\t<\/div>\n\t\t\t\t<\/div>\n\t\t<div class=\"elementor-element elementor-element-14d42229 e-flex e-con-boxed e-con e-parent\" data-id=\"14d42229\" data-element_type=\"container\" data-settings=\"{&quot;background_background&quot;:&quot;classic&quot;}\">\n\t\t\t\t\t<div class=\"e-con-inner\">\n\t\t<div class=\"elementor-element elementor-element-3730ed62 e-con-full e-flex e-con e-child\" data-id=\"3730ed62\" data-element_type=\"container\">\n\t\t\t\t<div class=\"elementor-element elementor-element-df24d4d elementor-widget elementor-widget-text-editor\" data-id=\"df24d4d\" data-element_type=\"widget\" data-widget_type=\"text-editor.default\">\n\t\t\t\t<div class=\"elementor-widget-container\">\n\t\t\t\t\t\t\t\t\t<p>PREGUNTAS&amp;RESPUESTAS<\/p>\t\t\t\t\t\t\t\t<\/div>\n\t\t\t\t<\/div>\n\t\t\t\t<div class=\"elementor-element elementor-element-61828f7b elementor-widget elementor-widget-heading\" data-id=\"61828f7b\" data-element_type=\"widget\" data-widget_type=\"heading.default\">\n\t\t\t\t<div class=\"elementor-widget-container\">\n\t\t\t\t\t<h2 class=\"elementor-heading-title elementor-size-default\">Preguntas Frecuentes<\/h2>\t\t\t\t<\/div>\n\t\t\t\t<\/div>\n\t\t\t\t<div class=\"elementor-element elementor-element-2e3b3909 elementor-widget elementor-widget-text-editor\" data-id=\"2e3b3909\" data-element_type=\"widget\" data-widget_type=\"text-editor.default\">\n\t\t\t\t<div class=\"elementor-widget-container\">\n\t\t\t\t\t\t\t\t\t<p>En Coverbond, estamos disponibles para aclarar cualquier duda que tenga.<\/p><p>\u00bfNo encontr\u00f3 lo que buscaba? P\u00f3ngase en contacto con nuestro equipo.<\/p>\t\t\t\t\t\t\t\t<\/div>\n\t\t\t\t<\/div>\n\t\t\t\t<div class=\"elementor-element elementor-element-d4d37ed elementor-widget elementor-widget-button\" data-id=\"d4d37ed\" data-element_type=\"widget\" data-widget_type=\"button.default\">\n\t\t\t\t<div class=\"elementor-widget-container\">\n\t\t\t\t\t\t\t\t\t<div class=\"elementor-button-wrapper\">\n\t\t\t\t\t<a class=\"elementor-button elementor-button-link elementor-size-sm elementor-animation-grow\" href=\"https:\/\/coverbond.pt\/es\/contactos\/\">\n\t\t\t\t\t\t<span class=\"elementor-button-content-wrapper\">\n\t\t\t\t\t\t\t\t\t<span class=\"elementor-button-text\">CONT\u00c1CTENOS<\/span>\n\t\t\t\t\t<\/span>\n\t\t\t\t\t<\/a>\n\t\t\t\t<\/div>\n\t\t\t\t\t\t\t\t<\/div>\n\t\t\t\t<\/div>\n\t\t\t\t<\/div>\n\t\t<div class=\"elementor-element elementor-element-7846975 e-con-full e-flex e-con e-child\" data-id=\"7846975\" data-element_type=\"container\">\n\t\t\t\t<div class=\"elementor-element elementor-element-21ee156f elementor-widget elementor-widget-n-accordion\" data-id=\"21ee156f\" data-element_type=\"widget\" data-settings=\"{&quot;default_state&quot;:&quot;all_collapsed&quot;,&quot;max_items_expended&quot;:&quot;one&quot;,&quot;n_accordion_animation_duration&quot;:{&quot;unit&quot;:&quot;ms&quot;,&quot;size&quot;:400,&quot;sizes&quot;:[]}}\" data-widget_type=\"nested-accordion.default\">\n\t\t\t\t<div class=\"elementor-widget-container\">\n\t\t\t\t\t\t\t<div class=\"e-n-accordion\" aria-label=\"Accordion. Open links with Enter or Space, close with Escape, and navigate with Arrow Keys\">\n\t\t\t\t\t\t<details id=\"e-n-accordion-item-5690\" class=\"e-n-accordion-item\" >\n\t\t\t\t<summary class=\"e-n-accordion-item-title\" data-accordion-index=\"1\" tabindex=\"0\" aria-expanded=\"false\" aria-controls=\"e-n-accordion-item-5690\" >\n\t\t\t\t\t<span class='e-n-accordion-item-title-header'><div class=\"e-n-accordion-item-title-text\"> \u00bfQu\u00e9 es una fachada ventilada? <\/div><\/span>\n\t\t\t\t\t\t\t<span class='e-n-accordion-item-title-icon'>\n\t\t\t<span class='e-opened' ><svg aria-hidden=\"true\" class=\"e-font-icon-svg e-fas-minus\" viewbox=\"0 0 448 512\" xmlns=\"http:\/\/www.w3.org\/2000\/svg\"><path d=\"M416 208H32c-17.67 0-32 14.33-32 32v32c0 17.67 14.33 32 32 32h384c17.67 0 32-14.33 32-32v-32c0-17.67-14.33-32-32-32z\"><\/path><\/svg><\/span>\n\t\t\t<span class='e-closed'><svg xmlns=\"http:\/\/www.w3.org\/2000\/svg\" width=\"24\" height=\"13\" viewbox=\"0 0 24 13\" fill=\"none\"><path d=\"M12 12.9663L0.75 1.71631L2.5 0.138184L12 9.63818L21.5 0.138184L23.25 1.71631L12 12.9663Z\" fill=\"#878787\"><\/path><\/svg><\/span>\n\t\t<\/span>\n\n\t\t\t\t\t\t<\/summary>\n\t\t\t\t<div role=\"region\" aria-labelledby=\"e-n-accordion-item-5690\" class=\"elementor-element elementor-element-6375adae e-con-full e-flex e-con e-child\" data-id=\"6375adae\" data-element_type=\"container\">\n\t\t\t\t<div class=\"elementor-element elementor-element-ee2ff3b elementor-widget elementor-widget-text-editor\" data-id=\"ee2ff3b\" data-element_type=\"widget\" data-widget_type=\"text-editor.default\">\n\t\t\t\t<div class=\"elementor-widget-container\">\n\t\t\t\t\t\t\t\t\t<p>Es un sistema de revestimiento exterior que crea una c\u00e1mara de aire entre la pared y el acabado, permitiendo la ventilaci\u00f3n natural. Este sistema mejora el aislamiento t\u00e9rmico y ac\u00fastico, y adem\u00e1s ayuda a evitar la humedad.<\/p>\t\t\t\t\t\t\t\t<\/div>\n\t\t\t\t<\/div>\n\t\t\t\t<\/div>\n\t\t\t\t\t<\/details>\n\t\t\t\t\t\t<details id=\"e-n-accordion-item-5691\" class=\"e-n-accordion-item\" >\n\t\t\t\t<summary class=\"e-n-accordion-item-title\" data-accordion-index=\"2\" tabindex=\"-1\" aria-expanded=\"false\" aria-controls=\"e-n-accordion-item-5691\" >\n\t\t\t\t\t<span class='e-n-accordion-item-title-header'><div class=\"e-n-accordion-item-title-text\"> \u00bfQu\u00e9 es un panel compuesto? <\/div><\/span>\n\t\t\t\t\t\t\t<span class='e-n-accordion-item-title-icon'>\n\t\t\t<span class='e-opened' ><svg aria-hidden=\"true\" class=\"e-font-icon-svg e-fas-minus\" viewbox=\"0 0 448 512\" xmlns=\"http:\/\/www.w3.org\/2000\/svg\"><path d=\"M416 208H32c-17.67 0-32 14.33-32 32v32c0 17.67 14.33 32 32 32h384c17.67 0 32-14.33 32-32v-32c0-17.67-14.33-32-32-32z\"><\/path><\/svg><\/span>\n\t\t\t<span class='e-closed'><svg xmlns=\"http:\/\/www.w3.org\/2000\/svg\" width=\"24\" height=\"13\" viewbox=\"0 0 24 13\" fill=\"none\"><path d=\"M12 12.9663L0.75 1.71631L2.5 0.138184L12 9.63818L21.5 0.138184L23.25 1.71631L12 12.9663Z\" fill=\"#878787\"><\/path><\/svg><\/span>\n\t\t<\/span>\n\n\t\t\t\t\t\t<\/summary>\n\t\t\t\t<div role=\"region\" aria-labelledby=\"e-n-accordion-item-5691\" class=\"elementor-element elementor-element-23aca54e e-con-full e-flex e-con e-child\" data-id=\"23aca54e\" data-element_type=\"container\">\n\t\t\t\t<div class=\"elementor-element elementor-element-1545a7f7 elementor-widget elementor-widget-text-editor\" data-id=\"1545a7f7\" data-element_type=\"widget\" data-widget_type=\"text-editor.default\">\n\t\t\t\t<div class=\"elementor-widget-container\">\n\t\t\t\t\t\t\t\t\t<p>Es un material formado por dos l\u00e1minas de aluminio unidas por un n\u00facleo interno. Adem\u00e1s de la ligereza que ofrece, este material tambi\u00e9n es fundamental para lograr construcciones m\u00e1s sostenibles y energ\u00e9ticamente eficientes, especialmente en fachadas.<\/p>\t\t\t\t\t\t\t\t<\/div>\n\t\t\t\t<\/div>\n\t\t\t\t<\/div>\n\t\t\t\t\t<\/details>\n\t\t\t\t\t\t<details id=\"e-n-accordion-item-5692\" class=\"e-n-accordion-item\" >\n\t\t\t\t<summary class=\"e-n-accordion-item-title\" data-accordion-index=\"3\" tabindex=\"-1\" aria-expanded=\"false\" aria-controls=\"e-n-accordion-item-5692\" >\n\t\t\t\t\t<span class='e-n-accordion-item-title-header'><div class=\"e-n-accordion-item-title-text\"> \u00bfCu\u00e1l es el mejor revestimiento para mi fachada? <\/div><\/span>\n\t\t\t\t\t\t\t<span class='e-n-accordion-item-title-icon'>\n\t\t\t<span class='e-opened' ><svg aria-hidden=\"true\" class=\"e-font-icon-svg e-fas-minus\" viewbox=\"0 0 448 512\" xmlns=\"http:\/\/www.w3.org\/2000\/svg\"><path d=\"M416 208H32c-17.67 0-32 14.33-32 32v32c0 17.67 14.33 32 32 32h384c17.67 0 32-14.33 32-32v-32c0-17.67-14.33-32-32-32z\"><\/path><\/svg><\/span>\n\t\t\t<span class='e-closed'><svg xmlns=\"http:\/\/www.w3.org\/2000\/svg\" width=\"24\" height=\"13\" viewbox=\"0 0 24 13\" fill=\"none\"><path d=\"M12 12.9663L0.75 1.71631L2.5 0.138184L12 9.63818L21.5 0.138184L23.25 1.71631L12 12.9663Z\" fill=\"#878787\"><\/path><\/svg><\/span>\n\t\t<\/span>\n\n\t\t\t\t\t\t<\/summary>\n\t\t\t\t<div role=\"region\" aria-labelledby=\"e-n-accordion-item-5692\" class=\"elementor-element elementor-element-829f555 e-con-full e-flex e-con e-child\" data-id=\"829f555\" data-element_type=\"container\">\n\t\t\t\t<div class=\"elementor-element elementor-element-47ee93c6 elementor-widget elementor-widget-text-editor\" data-id=\"47ee93c6\" data-element_type=\"widget\" data-widget_type=\"text-editor.default\">\n\t\t\t\t<div class=\"elementor-widget-container\">\n\t\t\t\t\t\t\t\t\t<p>El mejor revestimiento depende de las necesidades del proyecto, el tipo de edificio y el estilo deseado. Sin embargo, los paneles compuestos son una excelente opci\u00f3n porque combinan est\u00e9tica, durabilidad y bajo mantenimiento.<\/p>\t\t\t\t\t\t\t\t<\/div>\n\t\t\t\t<\/div>\n\t\t\t\t<\/div>\n\t\t\t\t\t<\/details>\n\t\t\t\t\t\t<details id=\"e-n-accordion-item-5693\" class=\"e-n-accordion-item\" >\n\t\t\t\t<summary class=\"e-n-accordion-item-title\" data-accordion-index=\"4\" tabindex=\"-1\" aria-expanded=\"false\" aria-controls=\"e-n-accordion-item-5693\" >\n\t\t\t\t\t<span class='e-n-accordion-item-title-header'><div class=\"e-n-accordion-item-title-text\"> Ventajas del panel compuesto <\/div><\/span>\n\t\t\t\t\t\t\t<span class='e-n-accordion-item-title-icon'>\n\t\t\t<span class='e-opened' ><svg aria-hidden=\"true\" class=\"e-font-icon-svg e-fas-minus\" viewbox=\"0 0 448 512\" xmlns=\"http:\/\/www.w3.org\/2000\/svg\"><path d=\"M416 208H32c-17.67 0-32 14.33-32 32v32c0 17.67 14.33 32 32 32h384c17.67 0 32-14.33 32-32v-32c0-17.67-14.33-32-32-32z\"><\/path><\/svg><\/span>\n\t\t\t<span class='e-closed'><svg xmlns=\"http:\/\/www.w3.org\/2000\/svg\" width=\"24\" height=\"13\" viewbox=\"0 0 24 13\" fill=\"none\"><path d=\"M12 12.9663L0.75 1.71631L2.5 0.138184L12 9.63818L21.5 0.138184L23.25 1.71631L12 12.9663Z\" fill=\"#878787\"><\/path><\/svg><\/span>\n\t\t<\/span>\n\n\t\t\t\t\t\t<\/summary>\n\t\t\t\t<div role=\"region\" aria-labelledby=\"e-n-accordion-item-5693\" class=\"elementor-element elementor-element-46756bfd e-con-full e-flex e-con e-child\" data-id=\"46756bfd\" data-element_type=\"container\">\n\t\t\t\t<div class=\"elementor-element elementor-element-555072c2 elementor-widget elementor-widget-text-editor\" data-id=\"555072c2\" data-element_type=\"widget\" data-widget_type=\"text-editor.default\">\n\t\t\t\t<div class=\"elementor-widget-container\">\n\t\t\t\t\t\t\t\t\t<p>Son ligeros, duraderos, resistentes a las inclemencias del tiempo y f\u00e1ciles de instalar. Adem\u00e1s, ofrecen una gran variedad de colores y acabados.<\/p>\t\t\t\t\t\t\t\t<\/div>\n\t\t\t\t<\/div>\n\t\t\t\t<\/div>\n\t\t\t\t\t<\/details>\n\t\t\t\t\t<\/div>\n\t\t\t\t\t\t<\/div>\n\t\t\t\t<\/div>\n\t\t\t\t<\/div>\n\t\t\t\t\t<\/div>\n\t\t\t\t<\/div>\n\t\t\t\t<\/div>","protected":false},"excerpt":{"rendered":"<p>DEKTON O Dekton \u00e9 uma superf\u00edcie ultracompacta, que resulta de um processo de fabrica\u00e7\u00e3o que combina diversos minerais naturais. Este processo submete as mat\u00e9rias-primas a altas press\u00f5es e temperaturas, criando um material de elevada densidade. Principais carateristicas do Dekton Altamente resistente a riscos, impactos e abras\u00e3o Excelente resist\u00eancia a temperaturas&#8230; <\/p>\n<div class=\"readmore\"><a href=\"https:\/\/coverbond.pt\/es\/dekton\/\" class=\"btn-link\">Read more<\/a><\/div>","protected":false},"author":3,"featured_media":0,"parent":0,"menu_order":0,"comment_status":"closed","ping_status":"closed","template":"elementor_header_footer","meta":{"_acf_changed":false,"footnotes":""},"class_list":["post-1385","page","type-page","status-publish","hentry"],"acf":[],"_links":{"self":[{"href":"https:\/\/coverbond.pt\/es\/wp-json\/wp\/v2\/pages\/1385","targetHints":{"allow":["GET"]}}],"collection":[{"href":"https:\/\/coverbond.pt\/es\/wp-json\/wp\/v2\/pages"}],"about":[{"href":"https:\/\/coverbond.pt\/es\/wp-json\/wp\/v2\/types\/page"}],"author":[{"embeddable":true,"href":"https:\/\/coverbond.pt\/es\/wp-json\/wp\/v2\/users\/3"}],"replies":[{"embeddable":true,"href":"https:\/\/coverbond.pt\/es\/wp-json\/wp\/v2\/comments?post=1385"}],"version-history":[{"count":40,"href":"https:\/\/coverbond.pt\/es\/wp-json\/wp\/v2\/pages\/1385\/revisions"}],"predecessor-version":[{"id":6713,"href":"https:\/\/coverbond.pt\/es\/wp-json\/wp\/v2\/pages\/1385\/revisions\/6713"}],"wp:attachment":[{"href":"https:\/\/coverbond.pt\/es\/wp-json\/wp\/v2\/media?parent=1385"}],"curies":[{"name":"wp","href":"https:\/\/api.w.org\/{rel}","templated":true}]}}