{"id":520,"date":"2025-05-09T14:09:10","date_gmt":"2025-05-09T14:09:10","guid":{"rendered":"https:\/\/coverbond.firstborn.pt\/?page_id=520"},"modified":"2025-08-26T08:39:22","modified_gmt":"2025-08-26T08:39:22","slug":"panel-fenolico","status":"publish","type":"page","link":"https:\/\/coverbond.pt\/es\/panel-fenolico\/","title":{"rendered":"Panel Fen\u00f3lico"},"content":{"rendered":"<div data-elementor-type=\"wp-page\" data-elementor-id=\"520\" class=\"elementor elementor-520\" data-elementor-post-type=\"page\">\n\t\t\t\t<div class=\"elementor-element elementor-element-0d0014a e-con-full e-flex e-con e-child\" data-id=\"0d0014a\" data-element_type=\"container\">\n\t\t\t\t<div class=\"elementor-element elementor-element-e0a20b6 elementor-widget elementor-widget-larson-intro\" data-id=\"e0a20b6\" data-element_type=\"widget\" data-widget_type=\"larson-intro.default\">\n\t\t\t\t<div class=\"elementor-widget-container\">\n\t\t\t\t\t\n\t\t<article class=\"article\">\n\t        <header class=\"article__header\">\n\t          <div class=\"container\">\n\t            \t            <h1 class=\"article__heading heading heading--size-large\">\n\t            \t<span >\n\t\t\t\t\t\tPanel Fen\u00f3lico\t\t\t\t\t<\/span>\n\t            <\/h1>\n\t            \t            \t          <\/div>\n\t        <\/header>\n\t        \t    <\/article>\n\n\t\t\t\t\t\t<\/div>\n\t\t\t\t<\/div>\n\t\t\t\t<\/div>\n\t\t<div class=\"elementor-element elementor-element-3dc07cf e-flex e-con-boxed e-con e-parent\" data-id=\"3dc07cf\" data-element_type=\"container\" data-settings=\"{&quot;background_background&quot;:&quot;classic&quot;}\">\n\t\t\t\t\t<div class=\"e-con-inner\">\n\t\t\t\t<div class=\"elementor-element elementor-element-6fd57c0 elementor-nav-menu__align-center elementor-nav-menu--dropdown-none elementor-widget elementor-widget-nav-menu\" data-id=\"6fd57c0\" data-element_type=\"widget\" data-settings=\"{&quot;layout&quot;:&quot;horizontal&quot;,&quot;submenu_icon&quot;:{&quot;value&quot;:&quot;&lt;svg aria-hidden=\\&quot;true\\&quot; class=\\&quot;e-font-icon-svg e-fas-caret-down\\&quot; viewBox=\\&quot;0 0 320 512\\&quot; xmlns=\\&quot;http:\\\/\\\/www.w3.org\\\/2000\\\/svg\\&quot;&gt;&lt;path d=\\&quot;M31.3 192h257.3c17.8 0 26.7 21.5 14.1 34.1L174.1 354.8c-7.8 7.8-20.5 7.8-28.3 0L17.2 226.1C4.6 213.5 13.5 192 31.3 192z\\&quot;&gt;&lt;\\\/path&gt;&lt;\\\/svg&gt;&quot;,&quot;library&quot;:&quot;fa-solid&quot;}}\" data-widget_type=\"nav-menu.default\">\n\t\t\t\t<div class=\"elementor-widget-container\">\n\t\t\t\t\t\t\t\t<nav aria-label=\"Menu\" class=\"elementor-nav-menu--main elementor-nav-menu__container elementor-nav-menu--layout-horizontal e--pointer-none\">\n\t\t\t\t<ul id=\"menu-1-6fd57c0\" class=\"elementor-nav-menu\"><li class=\"menu-item menu-item-type-custom menu-item-object-custom menu-item-551\"><a href=\"https:\/\/coverbond.pt\/es\/panel-fenolico\/\" class=\"elementor-item\">Panel Fen\u00f3lico<\/a><\/li>\n<li class=\"menu-item menu-item-type-custom menu-item-object-custom menu-item-534\"><a href=\"https:\/\/coverbond.pt\/es\/dekton\/\" class=\"elementor-item\">Dekton<\/a><\/li>\n<li class=\"menu-item menu-item-type-custom menu-item-object-custom menu-item-538\"><a href=\"https:\/\/coverbond.pt\/es\/ulma\/\" class=\"elementor-item\">UIma<\/a><\/li>\n<li class=\"menu-item menu-item-type-custom menu-item-object-custom menu-item-1072\"><a href=\"https:\/\/coverbond.pt\/es\/chapa-perfilada\/\" class=\"elementor-item\">Chapa Perfilada<\/a><\/li>\n<li class=\"menu-item menu-item-type-custom menu-item-object-custom menu-item-1073\"><a href=\"https:\/\/coverbond.pt\/es\/panel-fachada-solar\/\" class=\"elementor-item\">Panel de Fachada Solar<\/a><\/li>\n<\/ul>\t\t\t<\/nav>\n\t\t\t\t\t\t<nav class=\"elementor-nav-menu--dropdown elementor-nav-menu__container\" aria-hidden=\"true\">\n\t\t\t\t<ul id=\"menu-2-6fd57c0\" class=\"elementor-nav-menu\"><li class=\"menu-item menu-item-type-custom menu-item-object-custom menu-item-551\"><a href=\"https:\/\/coverbond.pt\/es\/panel-fenolico\/\" class=\"elementor-item\" tabindex=\"-1\">Panel Fen\u00f3lico<\/a><\/li>\n<li class=\"menu-item menu-item-type-custom menu-item-object-custom menu-item-534\"><a href=\"https:\/\/coverbond.pt\/es\/dekton\/\" class=\"elementor-item\" tabindex=\"-1\">Dekton<\/a><\/li>\n<li class=\"menu-item menu-item-type-custom menu-item-object-custom menu-item-538\"><a href=\"https:\/\/coverbond.pt\/es\/ulma\/\" class=\"elementor-item\" tabindex=\"-1\">UIma<\/a><\/li>\n<li class=\"menu-item menu-item-type-custom menu-item-object-custom menu-item-1072\"><a href=\"https:\/\/coverbond.pt\/es\/chapa-perfilada\/\" class=\"elementor-item\" tabindex=\"-1\">Chapa Perfilada<\/a><\/li>\n<li class=\"menu-item menu-item-type-custom menu-item-object-custom menu-item-1073\"><a href=\"https:\/\/coverbond.pt\/es\/panel-fachada-solar\/\" class=\"elementor-item\" tabindex=\"-1\">Panel de Fachada Solar<\/a><\/li>\n<\/ul>\t\t\t<\/nav>\n\t\t\t\t\t\t<\/div>\n\t\t\t\t<\/div>\n\t\t\t\t\t<\/div>\n\t\t\t\t<\/div>\n\t\t<div class=\"elementor-element elementor-element-fd78561 e-flex e-con-boxed e-con e-parent\" data-id=\"fd78561\" data-element_type=\"container\">\n\t\t\t\t\t<div class=\"e-con-inner\">\n\t\t<div class=\"elementor-element elementor-element-ed6e1e8 e-con-full e-flex e-con e-child\" data-id=\"ed6e1e8\" data-element_type=\"container\">\n\t\t\t\t<div class=\"elementor-element elementor-element-193d431 elementor-widget elementor-widget-image\" data-id=\"193d431\" data-element_type=\"widget\" data-widget_type=\"image.default\">\n\t\t\t\t<div class=\"elementor-widget-container\">\n\t\t\t\t\t\t\t\t\t\t\t\t\t\t\t<img fetchpriority=\"high\" decoding=\"async\" width=\"1000\" height=\"563\" src=\"https:\/\/coverbond.pt\/wp-content\/uploads\/2025\/08\/fenolico.webp\" class=\"attachment-full size-full wp-image-6107\" alt=\"\" srcset=\"https:\/\/coverbond.pt\/wp-content\/uploads\/2025\/08\/fenolico.webp 1000w, https:\/\/coverbond.pt\/wp-content\/uploads\/2025\/08\/fenolico-300x169.webp 300w, https:\/\/coverbond.pt\/wp-content\/uploads\/2025\/08\/fenolico-768x432.webp 768w, https:\/\/coverbond.pt\/wp-content\/uploads\/2025\/08\/fenolico-18x10.webp 18w, https:\/\/coverbond.pt\/wp-content\/uploads\/2025\/08\/fenolico-900x507.webp 900w\" sizes=\"(max-width: 1000px) 100vw, 1000px\" \/>\t\t\t\t\t\t\t\t\t\t\t\t\t\t\t<\/div>\n\t\t\t\t<\/div>\n\t\t\t\t<\/div>\n\t\t<div class=\"elementor-element elementor-element-9c8e428 e-con-full e-flex e-con e-child\" data-id=\"9c8e428\" data-element_type=\"container\">\n\t\t\t\t<div class=\"elementor-element elementor-element-f7ad3a4 elementor-widget elementor-widget-heading\" data-id=\"f7ad3a4\" data-element_type=\"widget\" data-widget_type=\"heading.default\">\n\t\t\t\t<div class=\"elementor-widget-container\">\n\t\t\t\t\t<h3 class=\"elementor-heading-title elementor-size-default\">PANEL FEN\u00d3LICO<\/h3>\t\t\t\t<\/div>\n\t\t\t\t<\/div>\n\t\t\t\t<div class=\"elementor-element elementor-element-e255388 elementor-widget elementor-widget-text-editor\" data-id=\"e255388\" data-element_type=\"widget\" data-widget_type=\"text-editor.default\">\n\t\t\t\t<div class=\"elementor-widget-container\">\n\t\t\t\t\t\t\t\t\t<p>Los paneles fen\u00f3licos son materiales altamente resistentes y duraderos, producidos mediante la impregnaci\u00f3n de resinas fen\u00f3licas en capas de papel kraft, que luego se prensan a altas presiones y temperaturas elevadas.<\/p><p>Los paneles fen\u00f3licos est\u00e1n disponibles en una variedad de colores, patrones y acabados, lo que permite versatilidad en el dise\u00f1o y adaptaci\u00f3n a diferentes proyectos arquitect\u00f3nicos y de decoraci\u00f3n.<\/p>\t\t\t\t\t\t\t\t<\/div>\n\t\t\t\t<\/div>\n\t\t\t\t<\/div>\n\t\t\t\t\t<\/div>\n\t\t\t\t<\/div>\n\t\t<div class=\"elementor-element elementor-element-5104d68 e-flex e-con-boxed e-con e-parent\" data-id=\"5104d68\" data-element_type=\"container\">\n\t\t\t\t\t<div class=\"e-con-inner\">\n\t\t\t\t<div class=\"elementor-element elementor-element-66a3b6d elementor-widget elementor-widget-larson-about-description\" data-id=\"66a3b6d\" data-element_type=\"widget\" data-widget_type=\"larson-about-description.default\">\n\t\t\t\t<div class=\"elementor-widget-container\">\n\t\t\t\t\t\n\t\t<section class=\"webpage__about-block about-block about-block--columns\">\n          <div class=\"about-block__inner container\">\n                        <header class=\"about-block__header\" data-aos=\"fade\">\n              <h2 class=\"about-block__heading heading\">\n              \t<span >\n\t\t\t\t\tVentajas del Panel Fen\u00f3lico\t\t\t\t<\/span>\n              <\/h2>\n            <\/header>\n                                    <div class=\"about-block__main\">\n                            <div class=\"about-block__text\" data-aos=\"fade\">\n                <div >\n\t\t\t\t\t<ul><li>Alta resistencia a rayaduras, impactos, desgaste y abrasi\u00f3n.<\/li><li>Resistencia al agua y a la humedad<\/li><li>Dimensiones estables incluso cuando est\u00e1n expuestas a variaciones de temperatura y condiciones clim\u00e1ticas adversas.<\/li><li>Resistencia a los rayos UV<\/li><\/ul>\t\t\t\t<\/div>\n              <\/div>\n                                        <\/div>\n                      <\/div>\n        <\/section>\n\n\t\t\t\t\t\t<\/div>\n\t\t\t\t<\/div>\n\t\t\t\t\t<\/div>\n\t\t\t\t<\/div>\n\t\t<div class=\"elementor-element elementor-element-1f2b616 e-flex e-con-boxed e-con e-parent\" data-id=\"1f2b616\" data-element_type=\"container\">\n\t\t\t\t\t<div class=\"e-con-inner\">\n\t\t<div class=\"elementor-element elementor-element-a6ae309 e-con-full e-flex e-con e-child\" data-id=\"a6ae309\" data-element_type=\"container\">\n\t\t\t\t<div class=\"elementor-element elementor-element-e7bba01 elementor-widget elementor-widget-image\" data-id=\"e7bba01\" data-element_type=\"widget\" data-widget_type=\"image.default\">\n\t\t\t\t<div class=\"elementor-widget-container\">\n\t\t\t\t\t\t\t\t\t\t\t\t\t\t\t\t<a href=\"http:\/\/coverbond.pt\/wp-content\/uploads\/2025\/05\/coverbond-00014-2.webp\" data-elementor-open-lightbox=\"yes\" data-e-action-hash=\"#elementor-action%3Aaction%3Dlightbox%26settings%3DeyJpZCI6NTI1LCJ1cmwiOiJodHRwczpcL1wvY292ZXJib25kLnB0XC93cC1jb250ZW50XC91cGxvYWRzXC8yMDI1XC8wNVwvY292ZXJib25kLTAwMDE0LTIud2VicCJ9\">\n\t\t\t\t\t\t\t<img decoding=\"async\" width=\"490\" height=\"418\" src=\"https:\/\/coverbond.pt\/wp-content\/uploads\/2025\/05\/coverbond-00014-2.webp\" class=\"attachment-full size-full wp-image-525\" alt=\"\" srcset=\"https:\/\/coverbond.pt\/wp-content\/uploads\/2025\/05\/coverbond-00014-2.webp 490w, https:\/\/coverbond.pt\/wp-content\/uploads\/2025\/05\/coverbond-00014-2-300x256.webp 300w\" sizes=\"(max-width: 490px) 100vw, 490px\" \/>\t\t\t\t\t\t\t\t<\/a>\n\t\t\t\t\t\t\t\t\t\t\t\t\t\t\t<\/div>\n\t\t\t\t<\/div>\n\t\t\t\t<\/div>\n\t\t<div class=\"elementor-element elementor-element-3aa0b06 e-con-full e-flex e-con e-child\" data-id=\"3aa0b06\" data-element_type=\"container\">\n\t\t\t\t<div class=\"elementor-element elementor-element-9c1a92b elementor-widget elementor-widget-image\" data-id=\"9c1a92b\" data-element_type=\"widget\" data-widget_type=\"image.default\">\n\t\t\t\t<div class=\"elementor-widget-container\">\n\t\t\t\t\t\t\t\t\t\t\t\t\t\t\t\t<a href=\"http:\/\/coverbond.pt\/wp-content\/uploads\/2025\/05\/coverbond-00014-2.webp\" data-elementor-open-lightbox=\"yes\" data-e-action-hash=\"#elementor-action%3Aaction%3Dlightbox%26settings%3DeyJpZCI6NTI1LCJ1cmwiOiJodHRwczpcL1wvY292ZXJib25kLnB0XC93cC1jb250ZW50XC91cGxvYWRzXC8yMDI1XC8wNVwvY292ZXJib25kLTAwMDE0LTIud2VicCJ9\">\n\t\t\t\t\t\t\t<img decoding=\"async\" width=\"490\" height=\"418\" src=\"https:\/\/coverbond.pt\/wp-content\/uploads\/2025\/05\/coverbond-00014-2.webp\" class=\"attachment-full size-full wp-image-525\" alt=\"\" srcset=\"https:\/\/coverbond.pt\/wp-content\/uploads\/2025\/05\/coverbond-00014-2.webp 490w, https:\/\/coverbond.pt\/wp-content\/uploads\/2025\/05\/coverbond-00014-2-300x256.webp 300w\" sizes=\"(max-width: 490px) 100vw, 490px\" \/>\t\t\t\t\t\t\t\t<\/a>\n\t\t\t\t\t\t\t\t\t\t\t\t\t\t\t<\/div>\n\t\t\t\t<\/div>\n\t\t\t\t<\/div>\n\t\t<div class=\"elementor-element elementor-element-af57482 e-con-full e-flex e-con e-child\" data-id=\"af57482\" data-element_type=\"container\">\n\t\t\t\t<div class=\"elementor-element elementor-element-3828f1e elementor-widget elementor-widget-image\" data-id=\"3828f1e\" data-element_type=\"widget\" data-widget_type=\"image.default\">\n\t\t\t\t<div class=\"elementor-widget-container\">\n\t\t\t\t\t\t\t\t\t\t\t\t\t\t\t\t<a href=\"http:\/\/coverbond.pt\/wp-content\/uploads\/2025\/05\/hdsj.png\" data-elementor-open-lightbox=\"yes\" data-e-action-hash=\"#elementor-action%3Aaction%3Dlightbox%26settings%3DeyJpZCI6NTMzLCJ1cmwiOiJodHRwczpcL1wvY292ZXJib25kLnB0XC93cC1jb250ZW50XC91cGxvYWRzXC8yMDI1XC8wNVwvaGRzai5wbmcifQ%3D%3D\">\n\t\t\t\t\t\t\t<img decoding=\"async\" width=\"490\" height=\"418\" src=\"https:\/\/coverbond.pt\/wp-content\/uploads\/2025\/05\/hdsj.png\" class=\"attachment-full size-full wp-image-533\" alt=\"\" srcset=\"https:\/\/coverbond.pt\/wp-content\/uploads\/2025\/05\/hdsj.png 490w, https:\/\/coverbond.pt\/wp-content\/uploads\/2025\/05\/hdsj-300x256.png 300w\" sizes=\"(max-width: 490px) 100vw, 490px\" \/>\t\t\t\t\t\t\t\t<\/a>\n\t\t\t\t\t\t\t\t\t\t\t\t\t\t\t<\/div>\n\t\t\t\t<\/div>\n\t\t\t\t<\/div>\n\t\t\t\t\t<\/div>\n\t\t\t\t<\/div>\n\t\t<div class=\"elementor-element elementor-element-0b7328f e-flex e-con-boxed e-con e-parent\" data-id=\"0b7328f\" data-element_type=\"container\" data-settings=\"{&quot;background_background&quot;:&quot;classic&quot;}\">\n\t\t\t\t\t<div class=\"e-con-inner\">\n\t\t<div class=\"elementor-element elementor-element-d81463b e-con-full e-flex e-con e-child\" data-id=\"d81463b\" data-element_type=\"container\">\n\t\t\t\t<div class=\"elementor-element elementor-element-bc3b98d elementor-widget elementor-widget-heading\" data-id=\"bc3b98d\" data-element_type=\"widget\" data-widget_type=\"heading.default\">\n\t\t\t\t<div class=\"elementor-widget-container\">\n\t\t\t\t\t<h2 class=\"elementor-heading-title elementor-size-default\">Empezamos tu proyecto? <\/h2>\t\t\t\t<\/div>\n\t\t\t\t<\/div>\n\t\t\t\t<\/div>\n\t\t<div class=\"elementor-element elementor-element-e1b2e70 e-con-full e-flex e-con e-child\" data-id=\"e1b2e70\" data-element_type=\"container\">\n\t\t\t\t<div class=\"elementor-element elementor-element-2847855 elementor-align-justify elementor-widget elementor-widget-button\" data-id=\"2847855\" data-element_type=\"widget\" data-widget_type=\"button.default\">\n\t\t\t\t<div class=\"elementor-widget-container\">\n\t\t\t\t\t\t\t\t\t<div class=\"elementor-button-wrapper\">\n\t\t\t\t\t<a class=\"elementor-button elementor-button-link elementor-size-sm elementor-animation-grow\" href=\"https:\/\/coverbond.pt\/es\/contactos\/\">\n\t\t\t\t\t\t<span class=\"elementor-button-content-wrapper\">\n\t\t\t\t\t\t\t\t\t<span class=\"elementor-button-text\">CONT\u00c1CTENOS<\/span>\n\t\t\t\t\t<\/span>\n\t\t\t\t\t<\/a>\n\t\t\t\t<\/div>\n\t\t\t\t\t\t\t\t<\/div>\n\t\t\t\t<\/div>\n\t\t\t\t<\/div>\n\t\t\t\t\t<\/div>\n\t\t\t\t<\/div>\n\t\t<div class=\"elementor-element elementor-element-be2bb4d e-flex e-con-boxed e-con e-parent\" data-id=\"be2bb4d\" data-element_type=\"container\" data-settings=\"{&quot;background_background&quot;:&quot;classic&quot;}\">\n\t\t\t\t\t<div class=\"e-con-inner\">\n\t\t<div class=\"elementor-element elementor-element-e4ce7b4 e-con-full e-flex e-con e-child\" data-id=\"e4ce7b4\" data-element_type=\"container\">\n\t\t\t\t<div class=\"elementor-element elementor-element-4237ec3 elementor-widget elementor-widget-text-editor\" data-id=\"4237ec3\" data-element_type=\"widget\" data-widget_type=\"text-editor.default\">\n\t\t\t\t<div class=\"elementor-widget-container\">\n\t\t\t\t\t\t\t\t\t<p>PREGUNTAS&amp;RESPUESTAS<\/p>\t\t\t\t\t\t\t\t<\/div>\n\t\t\t\t<\/div>\n\t\t\t\t<div class=\"elementor-element elementor-element-4c4a73d elementor-widget elementor-widget-heading\" data-id=\"4c4a73d\" data-element_type=\"widget\" data-widget_type=\"heading.default\">\n\t\t\t\t<div class=\"elementor-widget-container\">\n\t\t\t\t\t<h2 class=\"elementor-heading-title elementor-size-default\">Preguntas Frecuentes<\/h2>\t\t\t\t<\/div>\n\t\t\t\t<\/div>\n\t\t\t\t<div class=\"elementor-element elementor-element-e0af1dd elementor-widget elementor-widget-text-editor\" data-id=\"e0af1dd\" data-element_type=\"widget\" data-widget_type=\"text-editor.default\">\n\t\t\t\t<div class=\"elementor-widget-container\">\n\t\t\t\t\t\t\t\t\t<p>En Coverbond, estamos disponibles para aclarar cualquier duda que tenga.<\/p><p>\u00bfNo encontr\u00f3 lo que buscaba? P\u00f3ngase en contacto con nuestro equipo.<\/p>\t\t\t\t\t\t\t\t<\/div>\n\t\t\t\t<\/div>\n\t\t\t\t<div class=\"elementor-element elementor-element-71e839b elementor-widget elementor-widget-button\" data-id=\"71e839b\" data-element_type=\"widget\" data-widget_type=\"button.default\">\n\t\t\t\t<div class=\"elementor-widget-container\">\n\t\t\t\t\t\t\t\t\t<div class=\"elementor-button-wrapper\">\n\t\t\t\t\t<a class=\"elementor-button elementor-button-link elementor-size-sm elementor-animation-grow\" href=\"https:\/\/coverbond.pt\/es\/contactos\/\">\n\t\t\t\t\t\t<span class=\"elementor-button-content-wrapper\">\n\t\t\t\t\t\t\t\t\t<span class=\"elementor-button-text\">CONT\u00c1CTENOS<\/span>\n\t\t\t\t\t<\/span>\n\t\t\t\t\t<\/a>\n\t\t\t\t<\/div>\n\t\t\t\t\t\t\t\t<\/div>\n\t\t\t\t<\/div>\n\t\t\t\t<\/div>\n\t\t<div class=\"elementor-element elementor-element-1ed9991 e-con-full e-flex e-con e-child\" data-id=\"1ed9991\" data-element_type=\"container\">\n\t\t\t\t<div class=\"elementor-element elementor-element-373d9eb elementor-widget elementor-widget-n-accordion\" data-id=\"373d9eb\" data-element_type=\"widget\" data-settings=\"{&quot;default_state&quot;:&quot;all_collapsed&quot;,&quot;max_items_expended&quot;:&quot;one&quot;,&quot;n_accordion_animation_duration&quot;:{&quot;unit&quot;:&quot;ms&quot;,&quot;size&quot;:400,&quot;sizes&quot;:[]}}\" data-widget_type=\"nested-accordion.default\">\n\t\t\t\t<div class=\"elementor-widget-container\">\n\t\t\t\t\t\t\t<div class=\"e-n-accordion\" aria-label=\"Accordion. Open links with Enter or Space, close with Escape, and navigate with Arrow Keys\">\n\t\t\t\t\t\t<details id=\"e-n-accordion-item-5790\" class=\"e-n-accordion-item\" >\n\t\t\t\t<summary class=\"e-n-accordion-item-title\" data-accordion-index=\"1\" tabindex=\"0\" aria-expanded=\"false\" aria-controls=\"e-n-accordion-item-5790\" >\n\t\t\t\t\t<span class='e-n-accordion-item-title-header'><div class=\"e-n-accordion-item-title-text\"> \u00bfQu\u00e9 es una fachada ventilada? <\/div><\/span>\n\t\t\t\t\t\t\t<span class='e-n-accordion-item-title-icon'>\n\t\t\t<span class='e-opened' ><svg aria-hidden=\"true\" class=\"e-font-icon-svg e-fas-minus\" viewbox=\"0 0 448 512\" xmlns=\"http:\/\/www.w3.org\/2000\/svg\"><path d=\"M416 208H32c-17.67 0-32 14.33-32 32v32c0 17.67 14.33 32 32 32h384c17.67 0 32-14.33 32-32v-32c0-17.67-14.33-32-32-32z\"><\/path><\/svg><\/span>\n\t\t\t<span class='e-closed'><svg xmlns=\"http:\/\/www.w3.org\/2000\/svg\" width=\"24\" height=\"13\" viewbox=\"0 0 24 13\" fill=\"none\"><path d=\"M12 12.9663L0.75 1.71631L2.5 0.138184L12 9.63818L21.5 0.138184L23.25 1.71631L12 12.9663Z\" fill=\"#878787\"><\/path><\/svg><\/span>\n\t\t<\/span>\n\n\t\t\t\t\t\t<\/summary>\n\t\t\t\t<div role=\"region\" aria-labelledby=\"e-n-accordion-item-5790\" class=\"elementor-element elementor-element-507488f e-con-full e-flex e-con e-child\" data-id=\"507488f\" data-element_type=\"container\">\n\t\t\t\t<div class=\"elementor-element elementor-element-465b316 elementor-widget elementor-widget-text-editor\" data-id=\"465b316\" data-element_type=\"widget\" data-widget_type=\"text-editor.default\">\n\t\t\t\t<div class=\"elementor-widget-container\">\n\t\t\t\t\t\t\t\t\t<p>Es un sistema de revestimiento exterior que crea una c\u00e1mara de aire entre la pared y el acabado, permitiendo la ventilaci\u00f3n natural. Este sistema mejora el aislamiento t\u00e9rmico y ac\u00fastico, y adem\u00e1s ayuda a evitar la humedad.<\/p>\t\t\t\t\t\t\t\t<\/div>\n\t\t\t\t<\/div>\n\t\t\t\t<\/div>\n\t\t\t\t\t<\/details>\n\t\t\t\t\t\t<details id=\"e-n-accordion-item-5791\" class=\"e-n-accordion-item\" >\n\t\t\t\t<summary class=\"e-n-accordion-item-title\" data-accordion-index=\"2\" tabindex=\"-1\" aria-expanded=\"false\" aria-controls=\"e-n-accordion-item-5791\" >\n\t\t\t\t\t<span class='e-n-accordion-item-title-header'><div class=\"e-n-accordion-item-title-text\"> \u00bfQu\u00e9 es un panel compuesto? <\/div><\/span>\n\t\t\t\t\t\t\t<span class='e-n-accordion-item-title-icon'>\n\t\t\t<span class='e-opened' ><svg aria-hidden=\"true\" class=\"e-font-icon-svg e-fas-minus\" viewbox=\"0 0 448 512\" xmlns=\"http:\/\/www.w3.org\/2000\/svg\"><path d=\"M416 208H32c-17.67 0-32 14.33-32 32v32c0 17.67 14.33 32 32 32h384c17.67 0 32-14.33 32-32v-32c0-17.67-14.33-32-32-32z\"><\/path><\/svg><\/span>\n\t\t\t<span class='e-closed'><svg xmlns=\"http:\/\/www.w3.org\/2000\/svg\" width=\"24\" height=\"13\" viewbox=\"0 0 24 13\" fill=\"none\"><path d=\"M12 12.9663L0.75 1.71631L2.5 0.138184L12 9.63818L21.5 0.138184L23.25 1.71631L12 12.9663Z\" fill=\"#878787\"><\/path><\/svg><\/span>\n\t\t<\/span>\n\n\t\t\t\t\t\t<\/summary>\n\t\t\t\t<div role=\"region\" aria-labelledby=\"e-n-accordion-item-5791\" class=\"elementor-element elementor-element-73bf9a2 e-con-full e-flex e-con e-child\" data-id=\"73bf9a2\" data-element_type=\"container\">\n\t\t\t\t<div class=\"elementor-element elementor-element-2791f92 elementor-widget elementor-widget-text-editor\" data-id=\"2791f92\" data-element_type=\"widget\" data-widget_type=\"text-editor.default\">\n\t\t\t\t<div class=\"elementor-widget-container\">\n\t\t\t\t\t\t\t\t\t<p>Es un material formado por dos l\u00e1minas de aluminio unidas por un n\u00facleo interno. Adem\u00e1s de la ligereza que ofrece, este material tambi\u00e9n es fundamental para lograr construcciones m\u00e1s sostenibles y energ\u00e9ticamente eficientes, especialmente en fachadas.<\/p>\t\t\t\t\t\t\t\t<\/div>\n\t\t\t\t<\/div>\n\t\t\t\t<\/div>\n\t\t\t\t\t<\/details>\n\t\t\t\t\t\t<details id=\"e-n-accordion-item-5792\" class=\"e-n-accordion-item\" >\n\t\t\t\t<summary class=\"e-n-accordion-item-title\" data-accordion-index=\"3\" tabindex=\"-1\" aria-expanded=\"false\" aria-controls=\"e-n-accordion-item-5792\" >\n\t\t\t\t\t<span class='e-n-accordion-item-title-header'><div class=\"e-n-accordion-item-title-text\"> \u00bfCu\u00e1l es el mejor revestimiento para mi fachada? <\/div><\/span>\n\t\t\t\t\t\t\t<span class='e-n-accordion-item-title-icon'>\n\t\t\t<span class='e-opened' ><svg aria-hidden=\"true\" class=\"e-font-icon-svg e-fas-minus\" viewbox=\"0 0 448 512\" xmlns=\"http:\/\/www.w3.org\/2000\/svg\"><path d=\"M416 208H32c-17.67 0-32 14.33-32 32v32c0 17.67 14.33 32 32 32h384c17.67 0 32-14.33 32-32v-32c0-17.67-14.33-32-32-32z\"><\/path><\/svg><\/span>\n\t\t\t<span class='e-closed'><svg xmlns=\"http:\/\/www.w3.org\/2000\/svg\" width=\"24\" height=\"13\" viewbox=\"0 0 24 13\" fill=\"none\"><path d=\"M12 12.9663L0.75 1.71631L2.5 0.138184L12 9.63818L21.5 0.138184L23.25 1.71631L12 12.9663Z\" fill=\"#878787\"><\/path><\/svg><\/span>\n\t\t<\/span>\n\n\t\t\t\t\t\t<\/summary>\n\t\t\t\t<div role=\"region\" aria-labelledby=\"e-n-accordion-item-5792\" class=\"elementor-element elementor-element-580fdcf e-con-full e-flex e-con e-child\" data-id=\"580fdcf\" data-element_type=\"container\">\n\t\t\t\t<div class=\"elementor-element elementor-element-73cec58 elementor-widget elementor-widget-text-editor\" data-id=\"73cec58\" data-element_type=\"widget\" data-widget_type=\"text-editor.default\">\n\t\t\t\t<div class=\"elementor-widget-container\">\n\t\t\t\t\t\t\t\t\t<p>El mejor revestimiento depende de las necesidades del proyecto, el tipo de edificio y el estilo deseado. Sin embargo, los paneles compuestos son una excelente opci\u00f3n porque combinan est\u00e9tica, durabilidad y bajo mantenimiento.<\/p>\t\t\t\t\t\t\t\t<\/div>\n\t\t\t\t<\/div>\n\t\t\t\t<\/div>\n\t\t\t\t\t<\/details>\n\t\t\t\t\t\t<details id=\"e-n-accordion-item-5793\" class=\"e-n-accordion-item\" >\n\t\t\t\t<summary class=\"e-n-accordion-item-title\" data-accordion-index=\"4\" tabindex=\"-1\" aria-expanded=\"false\" aria-controls=\"e-n-accordion-item-5793\" >\n\t\t\t\t\t<span class='e-n-accordion-item-title-header'><div class=\"e-n-accordion-item-title-text\"> Ventajas del panel compuesto <\/div><\/span>\n\t\t\t\t\t\t\t<span class='e-n-accordion-item-title-icon'>\n\t\t\t<span class='e-opened' ><svg aria-hidden=\"true\" class=\"e-font-icon-svg e-fas-minus\" viewbox=\"0 0 448 512\" xmlns=\"http:\/\/www.w3.org\/2000\/svg\"><path d=\"M416 208H32c-17.67 0-32 14.33-32 32v32c0 17.67 14.33 32 32 32h384c17.67 0 32-14.33 32-32v-32c0-17.67-14.33-32-32-32z\"><\/path><\/svg><\/span>\n\t\t\t<span class='e-closed'><svg xmlns=\"http:\/\/www.w3.org\/2000\/svg\" width=\"24\" height=\"13\" viewbox=\"0 0 24 13\" fill=\"none\"><path d=\"M12 12.9663L0.75 1.71631L2.5 0.138184L12 9.63818L21.5 0.138184L23.25 1.71631L12 12.9663Z\" fill=\"#878787\"><\/path><\/svg><\/span>\n\t\t<\/span>\n\n\t\t\t\t\t\t<\/summary>\n\t\t\t\t<div role=\"region\" aria-labelledby=\"e-n-accordion-item-5793\" class=\"elementor-element elementor-element-62004c9 e-con-full e-flex e-con e-child\" data-id=\"62004c9\" data-element_type=\"container\">\n\t\t\t\t<div class=\"elementor-element elementor-element-136de4c elementor-widget elementor-widget-text-editor\" data-id=\"136de4c\" data-element_type=\"widget\" data-widget_type=\"text-editor.default\">\n\t\t\t\t<div class=\"elementor-widget-container\">\n\t\t\t\t\t\t\t\t\t<p>Son ligeros, duraderos, resistentes a las inclemencias del tiempo y f\u00e1ciles de instalar. Adem\u00e1s, ofrecen una gran variedad de colores y acabados.<\/p>\t\t\t\t\t\t\t\t<\/div>\n\t\t\t\t<\/div>\n\t\t\t\t<\/div>\n\t\t\t\t\t<\/details>\n\t\t\t\t\t<\/div>\n\t\t\t\t\t\t<\/div>\n\t\t\t\t<\/div>\n\t\t\t\t<\/div>\n\t\t\t\t\t<\/div>\n\t\t\t\t<\/div>\n\t\t\t\t<\/div>","protected":false},"excerpt":{"rendered":"<p>PAINEL FEN\u00d3LICO Os pain\u00e9is fen\u00f3licos, s\u00e3o materiais altamente resistentes e dur\u00e1veis, produzidos atrav\u00e9s da impregna\u00e7\u00e3o de resinas fen\u00f3licas em camadas de papel kraft, que s\u00e3o posteriormente prensadas em altas press\u00f5es e temperaturas elevadas. Os pain\u00e9is fen\u00f3licos est\u00e3o dispon\u00edveis em diversas cores, padr\u00f5es e acabamentos, permitindo versatilidade no design e adapta\u00e7\u00e3o&#8230; <\/p>\n<div class=\"readmore\"><a href=\"https:\/\/coverbond.pt\/es\/panel-fenolico\/\" class=\"btn-link\">Read more<\/a><\/div>","protected":false},"author":3,"featured_media":0,"parent":0,"menu_order":0,"comment_status":"closed","ping_status":"closed","template":"elementor_header_footer","meta":{"_acf_changed":false,"footnotes":""},"class_list":["post-520","page","type-page","status-publish","hentry"],"acf":[],"_links":{"self":[{"href":"https:\/\/coverbond.pt\/es\/wp-json\/wp\/v2\/pages\/520","targetHints":{"allow":["GET"]}}],"collection":[{"href":"https:\/\/coverbond.pt\/es\/wp-json\/wp\/v2\/pages"}],"about":[{"href":"https:\/\/coverbond.pt\/es\/wp-json\/wp\/v2\/types\/page"}],"author":[{"embeddable":true,"href":"https:\/\/coverbond.pt\/es\/wp-json\/wp\/v2\/users\/3"}],"replies":[{"embeddable":true,"href":"https:\/\/coverbond.pt\/es\/wp-json\/wp\/v2\/comments?post=520"}],"version-history":[{"count":91,"href":"https:\/\/coverbond.pt\/es\/wp-json\/wp\/v2\/pages\/520\/revisions"}],"predecessor-version":[{"id":6719,"href":"https:\/\/coverbond.pt\/es\/wp-json\/wp\/v2\/pages\/520\/revisions\/6719"}],"wp:attachment":[{"href":"https:\/\/coverbond.pt\/es\/wp-json\/wp\/v2\/media?parent=520"}],"curies":[{"name":"wp","href":"https:\/\/api.w.org\/{rel}","templated":true}]}}